{"id":722,"date":"2025-12-26T13:22:32","date_gmt":"2025-12-26T13:22:32","guid":{"rendered":"https:\/\/iptvsmartersofficial.de\/?page_id=722"},"modified":"2026-03-16T11:08:09","modified_gmt":"2026-03-16T11:08:09","slug":"datenschutzrichtlinie","status":"publish","type":"page","link":"https:\/\/iptvsmartersofficial.de\/iptv-smarters-pro\/datenschutzrichtlinie\/","title":{"rendered":"Datenschutzrichtlinie"},"content":{"rendered":"\t\t<div data-elementor-type=\"wp-page\" data-elementor-id=\"722\" class=\"elementor elementor-722\" data-elementor-post-type=\"page\">\n\t\t\t\t<div class=\"elementor-element elementor-element-3db093b e-flex e-con-boxed e-con e-parent\" data-id=\"3db093b\" data-element_type=\"container\" data-e-type=\"container\" data-settings=\"{&quot;background_background&quot;:&quot;classic&quot;}\">\n\t\t\t\t\t<div class=\"e-con-inner\">\n\t\t\t\t<div class=\"elementor-element elementor-element-4304e00 elementor-widget elementor-widget-heading\" data-id=\"4304e00\" data-element_type=\"widget\" data-e-type=\"widget\" data-widget_type=\"heading.default\">\n\t\t\t\t<div class=\"elementor-widget-container\">\n\t\t\t\t\t<h1 class=\"elementor-heading-title elementor-size-default\">Datenschutzrichtlinie<\/h1>\t\t\t\t<\/div>\n\t\t\t\t<\/div>\n\t\t\t\t\t<\/div>\n\t\t\t\t<\/div>\n\t\t<div class=\"elementor-element elementor-element-2225580 e-flex e-con-boxed e-con e-parent\" data-id=\"2225580\" data-element_type=\"container\" data-e-type=\"container\">\n\t\t\t\t\t<div class=\"e-con-inner\">\n\t\t\t\t<div class=\"elementor-element elementor-element-8360e25 elementor-widget elementor-widget-text-editor\" data-id=\"8360e25\" data-element_type=\"widget\" data-e-type=\"widget\" data-widget_type=\"text-editor.default\">\n\t\t\t\t<div class=\"elementor-widget-container\">\n\t\t\t\t\t\t\t\t\t<p data-start=\"2973\" data-end=\"3189\"><strong data-start=\"2973\" data-end=\"3005\">Willkommen bei <a href=\"https:\/\/iptvsmartersofficial.de\/\">Smarters Pro<\/a>.<\/strong><br data-start=\"3005\" data-end=\"3008\" \/>Der Schutz Ihrer Privatsph\u00e4re hat f\u00fcr uns h\u00f6chste Priorit\u00e4t. Diese Datenschutzerkl\u00e4rung informiert Sie dar\u00fcber, wie wir Ihre personenbezogenen Daten erheben, verwenden und sch\u00fctzen.<\/p><hr data-start=\"3191\" data-end=\"3194\" \/><h2>1. Erhobene Daten<\/h2><p data-start=\"3220\" data-end=\"3264\">Wir k\u00f6nnen folgende Arten von Daten erheben:<\/p><ul data-start=\"3266\" data-end=\"3613\"><li data-start=\"3266\" data-end=\"3369\"><p data-start=\"3268\" data-end=\"3369\"><strong data-start=\"3268\" data-end=\"3294\">Personenbezogene Daten<\/strong>: Name, E-Mail-Adresse, Telefonnummer, sofern Sie diese freiwillig angeben.<\/p><\/li><li data-start=\"3370\" data-end=\"3468\"><p data-start=\"3372\" data-end=\"3468\"><strong data-start=\"3372\" data-end=\"3392\">Technische Daten<\/strong>: IP-Adresse, Ger\u00e4tetyp, Betriebssystem, Nutzungs- und Aktivit\u00e4tsprotokolle.<\/p><\/li><li data-start=\"3469\" data-end=\"3613\"><p data-start=\"3471\" data-end=\"3613\"><strong data-start=\"3471\" data-end=\"3488\">Zahlungsdaten<\/strong>: Zahlungen werden ausschlie\u00dflich \u00fcber sichere Drittanbieter abgewickelt. Smarters Pro speichert keine Zahlungsinformationen.<\/p><\/li><\/ul><hr data-start=\"3615\" data-end=\"3618\" \/><h2>2. Verwendung der Daten<\/h2><p data-start=\"3650\" data-end=\"3682\">Ihre Daten werden verwendet, um:<\/p><ul data-start=\"3684\" data-end=\"3986\"><li data-start=\"3684\" data-end=\"3757\"><p data-start=\"3686\" data-end=\"3757\">Unsere Dienstleistungen bereitzustellen und ordnungsgem\u00e4\u00df zu betreiben.<\/p><\/li><li data-start=\"3758\" data-end=\"3829\"><p data-start=\"3760\" data-end=\"3829\">Die Nutzererfahrung zu verbessern und unsere Plattform zu optimieren.<\/p><\/li><li data-start=\"3830\" data-end=\"3904\"><p data-start=\"3832\" data-end=\"3904\">Mit Ihnen \u00fcber Dienstleistungen, Updates oder Angebote zu kommunizieren.<\/p><\/li><li data-start=\"3905\" data-end=\"3986\"><p data-start=\"3907\" data-end=\"3986\">Die Sicherheit unserer Plattform zu gew\u00e4hrleisten und Missbrauch zu verhindern.<\/p><\/li><\/ul><hr data-start=\"3988\" data-end=\"3991\" \/><h2 data-start=\"3993\" data-end=\"4022\">3. Weitergabe von Daten<\/h2><p data-start=\"4023\" data-end=\"4119\">Wir verkaufen oder vermieten Ihre personenbezogenen Daten nicht. Eine Weitergabe erfolgt nur an:<\/p><ul data-start=\"4121\" data-end=\"4256\"><li data-start=\"4121\" data-end=\"4201\"><p data-start=\"4123\" data-end=\"4201\">Externe Dienstleister (z. B. Zahlungsabwicklung, Hosting, technische Wartung).<\/p><\/li><li data-start=\"4202\" data-end=\"4256\"><p data-start=\"4204\" data-end=\"4256\">Beh\u00f6rden, sofern dies gesetzlich vorgeschrieben ist.<\/p><\/li><\/ul><hr data-start=\"4258\" data-end=\"4261\" \/><h2 data-start=\"4263\" data-end=\"4287\">4. Datensicherheit<\/h2><p data-start=\"4288\" data-end=\"4441\">Wir treffen geeignete technische und organisatorische Ma\u00dfnahmen, um Ihre Daten vor unbefugtem Zugriff, Verlust, Ver\u00e4nderung oder Offenlegung zu sch\u00fctzen.<\/p><hr data-start=\"4443\" data-end=\"4446\" \/><h2 data-start=\"4448\" data-end=\"4464\">5. Cookies<\/h2><p data-start=\"4465\" data-end=\"4677\">Wir verwenden Cookies und \u00e4hnliche Technologien, um Ihre Nutzererfahrung zu verbessern und den Datenverkehr auf unserer Website zu analysieren. Sie k\u00f6nnen Cookies in den Einstellungen Ihres Browsers deaktivieren.<\/p><hr data-start=\"4679\" data-end=\"4682\" \/><h2 data-start=\"4684\" data-end=\"4704\">6. Ihre Rechte<\/h2><p data-start=\"4705\" data-end=\"4725\">Sie haben das Recht:<\/p><ul data-start=\"4727\" data-end=\"4960\"><li data-start=\"4727\" data-end=\"4784\"><p data-start=\"4729\" data-end=\"4784\">Auskunft \u00fcber Ihre personenbezogenen Daten zu erhalten.<\/p><\/li><li data-start=\"4785\" data-end=\"4843\"><p data-start=\"4787\" data-end=\"4843\">Die Berichtigung oder L\u00f6schung Ihrer Daten zu verlangen.<\/p><\/li><li data-start=\"4844\" data-end=\"4912\"><p data-start=\"4846\" data-end=\"4912\">Der Verarbeitung Ihrer Daten zu Marketingzwecken zu widersprechen.<\/p><\/li><li data-start=\"4913\" data-end=\"4960\"><p data-start=\"4915\" data-end=\"4960\">Die \u00dcbertragbarkeit Ihrer Daten zu verlangen.<\/p><\/li><\/ul><p data-start=\"4962\" data-end=\"5036\">Kontaktieren Sie uns hierzu unter:<br data-start=\"4996\" data-end=\"4999\" \/><img decoding=\"async\" class=\"emoji\" role=\"img\" draggable=\"false\" src=\"https:\/\/s.w.org\/images\/core\/emoji\/17.0.2\/svg\/1f4e7.svg\" alt=\"\ud83d\udce7\" \/> <strong data-start=\"5002\" data-end=\"5036\"><a class=\"decorated-link cursor-pointer\" rel=\"noopener\" data-start=\"5004\" data-end=\"5034\">smartersofficiel2024@gmail.com<\/a><\/strong><\/p><hr data-start=\"5038\" data-end=\"5041\" \/><h2 data-start=\"5043\" data-end=\"5087\">7. \u00c4nderungen der Datenschutzerkl\u00e4rung<\/h2><p data-start=\"5088\" data-end=\"5212\">Wir behalten uns vor, diese Datenschutzerkl\u00e4rung jederzeit zu \u00e4ndern. \u00c4nderungen treten mit ihrer Ver\u00f6ffentlichung in Kraft.<\/p><hr data-start=\"5214\" data-end=\"5217\" \/><h2 data-start=\"5219\" data-end=\"5235\">8. Kontakt<\/h2><p data-start=\"5236\" data-end=\"5343\">Bei Fragen zu dieser Datenschutzerkl\u00e4rung wenden Sie sich bitte an:<br data-start=\"5303\" data-end=\"5306\" \/><img decoding=\"async\" class=\"emoji\" role=\"img\" draggable=\"false\" src=\"https:\/\/s.w.org\/images\/core\/emoji\/17.0.2\/svg\/1f4e7.svg\" alt=\"\ud83d\udce7\" \/> <strong data-start=\"5309\" data-end=\"5343\"><a class=\"decorated-link cursor-pointer\" href=\"https:\/\/iptvsmartersofficial.de\/\" rel=\"noopener\" data-start=\"5311\" data-end=\"5341\">smartersofficiel2024@gmail.com<\/a><\/strong><\/p>\t\t\t\t\t\t\t\t<\/div>\n\t\t\t\t<\/div>\n\t\t\t\t<div class=\"elementor-element elementor-element-5f0f405 elementor-widget elementor-widget-button\" data-id=\"5f0f405\" data-element_type=\"widget\" data-e-type=\"widget\" data-widget_type=\"button.default\">\n\t\t\t\t<div class=\"elementor-widget-container\">\n\t\t\t\t\t\t\t\t\t<div class=\"elementor-button-wrapper\">\n\t\t\t\t\t<a class=\"elementor-button elementor-button-link elementor-size-sm\" href=\"https:\/\/iptvsmartersofficial.de\/\">\n\t\t\t\t\t\t<span class=\"elementor-button-content-wrapper\">\n\t\t\t\t\t\t\t\t\t<span class=\"elementor-button-text\">Entdecken Sie unsere Angebote<\/span>\n\t\t\t\t\t<\/span>\n\t\t\t\t\t<\/a>\n\t\t\t\t<\/div>\n\t\t\t\t\t\t\t\t<\/div>\n\t\t\t\t<\/div>\n\t\t\t\t\t<\/div>\n\t\t\t\t<\/div>\n\t\t\t\t<\/div>\n\t\t","protected":false},"excerpt":{"rendered":"<p>Datenschutzrichtlinie Willkommen bei Smarters Pro.Der Schutz Ihrer Privatsph\u00e4re hat f\u00fcr uns h\u00f6chste Priorit\u00e4t. Diese Datenschutzerkl\u00e4rung informiert Sie dar\u00fcber, wie wir [&hellip;]<\/p>\n","protected":false},"author":1,"featured_media":0,"parent":0,"menu_order":0,"comment_status":"closed","ping_status":"closed","template":"elementor_canvas","meta":{"site-sidebar-layout":"no-sidebar","site-content-layout":"","ast-site-content-layout":"full-width-container","site-content-style":"default","site-sidebar-style":"default","ast-global-header-display":"","ast-banner-title-visibility":"","ast-main-header-display":"","ast-hfb-above-header-display":"","ast-hfb-below-header-display":"","ast-hfb-mobile-header-display":"","site-post-title":"","ast-breadcrumbs-content":"","ast-featured-img":"disabled","footer-sml-layout":"","ast-disable-related-posts":"","theme-transparent-header-meta":"","adv-header-id-meta":"","stick-header-meta":"","header-above-stick-meta":"","header-main-stick-meta":"","header-below-stick-meta":"","astra-migrate-meta-layouts":"default","ast-page-background-enabled":"default","ast-page-background-meta":{"desktop":{"background-color":"var(--ast-global-color-4)","background-image":"","background-repeat":"repeat","background-position":"center center","background-size":"auto","background-attachment":"scroll","background-type":"","background-media":"","overlay-type":"","overlay-color":"","overlay-opacity":"","overlay-gradient":""},"tablet":{"background-color":"","background-image":"","background-repeat":"repeat","background-position":"center center","background-size":"auto","background-attachment":"scroll","background-type":"","background-media":"","overlay-type":"","overlay-color":"","overlay-opacity":"","overlay-gradient":""},"mobile":{"background-color":"","background-image":"","background-repeat":"repeat","background-position":"center center","background-size":"auto","background-attachment":"scroll","background-type":"","background-media":"","overlay-type":"","overlay-color":"","overlay-opacity":"","overlay-gradient":""}},"ast-content-background-meta":{"desktop":{"background-color":"var(--ast-global-color-5)","background-image":"","background-repeat":"repeat","background-position":"center center","background-size":"auto","background-attachment":"scroll","background-type":"","background-media":"","overlay-type":"","overlay-color":"","overlay-opacity":"","overlay-gradient":""},"tablet":{"background-color":"var(--ast-global-color-5)","background-image":"","background-repeat":"repeat","background-position":"center center","background-size":"auto","background-attachment":"scroll","background-type":"","background-media":"","overlay-type":"","overlay-color":"","overlay-opacity":"","overlay-gradient":""},"mobile":{"background-color":"var(--ast-global-color-5)","background-image":"","background-repeat":"repeat","background-position":"center center","background-size":"auto","background-attachment":"scroll","background-type":"","background-media":"","overlay-type":"","overlay-color":"","overlay-opacity":"","overlay-gradient":""}},"footnotes":""},"class_list":["post-722","page","type-page","status-publish","hentry"],"aioseo_notices":[],"_links":{"self":[{"href":"https:\/\/iptvsmartersofficial.de\/iptv-smarters-pro\/wp-json\/wp\/v2\/pages\/722","targetHints":{"allow":["GET"]}}],"collection":[{"href":"https:\/\/iptvsmartersofficial.de\/iptv-smarters-pro\/wp-json\/wp\/v2\/pages"}],"about":[{"href":"https:\/\/iptvsmartersofficial.de\/iptv-smarters-pro\/wp-json\/wp\/v2\/types\/page"}],"author":[{"embeddable":true,"href":"https:\/\/iptvsmartersofficial.de\/iptv-smarters-pro\/wp-json\/wp\/v2\/users\/1"}],"replies":[{"embeddable":true,"href":"https:\/\/iptvsmartersofficial.de\/iptv-smarters-pro\/wp-json\/wp\/v2\/comments?post=722"}],"version-history":[{"count":10,"href":"https:\/\/iptvsmartersofficial.de\/iptv-smarters-pro\/wp-json\/wp\/v2\/pages\/722\/revisions"}],"predecessor-version":[{"id":1124,"href":"https:\/\/iptvsmartersofficial.de\/iptv-smarters-pro\/wp-json\/wp\/v2\/pages\/722\/revisions\/1124"}],"wp:attachment":[{"href":"https:\/\/iptvsmartersofficial.de\/iptv-smarters-pro\/wp-json\/wp\/v2\/media?parent=722"}],"curies":[{"name":"wp","href":"https:\/\/api.w.org\/{rel}","templated":true}]}}